{"id":87,"date":"2018-08-03T03:52:52","date_gmt":"2018-08-03T03:52:52","guid":{"rendered":"http:\/\/mpastoge.freesite.host\/?page_id=87"},"modified":"2024-02-07T10:38:45","modified_gmt":"2024-02-06T23:38:45","slug":"skelbimai-2018-nr-28","status":"publish","type":"page","link":"https:\/\/www.slic.org.au\/Pastoge\/?page_id=87","title":{"rendered":"Skelbimai (2024 Nr.04)"},"content":{"rendered":"<div style=\"text-align:left\">\n<div style=\"float:left; margin-right: 5px\">\n<a href=\"https:\/\/www.slic.org.au\/Pastoge\/wp-content\/uploads\/2024\/02\/MUSU2404p7.pdf\" target=\"_blank\" rel=\"noopener noreferrer\"><br \/>\n<img loading=\"lazy\" decoding=\"async\" class=\"aligncenter size-full wp-image-92\" title=\"Spauskite \u010dia \u017ei\u016br\u0117ti Skelbimus\" src=\"https:\/\/www.slic.org.au\/Pastoge\/wp-content\/uploads\/2024\/02\/Page7_04.jpg\" alt=\"\" size-full=\"\" width=\"300\" height=\"442\"><\/a><\/div>\n<div style=\"float:left;\">\n<a href=\"https:\/\/www.slic.org.au\/Pastoge\/wp-content\/uploads\/2024\/02\/MUSU2404p8.pdf\" target=\"_blank\" rel=\"noopener noreferrer\"><br \/>\n<img loading=\"lazy\" decoding=\"async\" class=\"aligncenter size-full wp-image-92\" title=\"Spauskite \u010dia \u017ei\u016br\u0117ti Skelbimus\" src=\"https:\/\/www.slic.org.au\/Pastoge\/wp-content\/uploads\/2024\/02\/Page8_04.jpg\" alt=\"\" size-full=\"\" width=\"300\" height=\"442\"><\/a><\/div>\n<\/div>\n","protected":false},"excerpt":{"rendered":"","protected":false},"author":3,"featured_media":0,"parent":0,"menu_order":0,"comment_status":"closed","ping_status":"closed","template":"","meta":{"footnotes":""},"_links":{"self":[{"href":"https:\/\/www.slic.org.au\/Pastoge\/index.php?rest_route=\/wp\/v2\/pages\/87"}],"collection":[{"href":"https:\/\/www.slic.org.au\/Pastoge\/index.php?rest_route=\/wp\/v2\/pages"}],"about":[{"href":"https:\/\/www.slic.org.au\/Pastoge\/index.php?rest_route=\/wp\/v2\/types\/page"}],"author":[{"embeddable":true,"href":"https:\/\/www.slic.org.au\/Pastoge\/index.php?rest_route=\/wp\/v2\/users\/3"}],"replies":[{"embeddable":true,"href":"https:\/\/www.slic.org.au\/Pastoge\/index.php?rest_route=%2Fwp%2Fv2%2Fcomments&post=87"}],"version-history":[{"count":278,"href":"https:\/\/www.slic.org.au\/Pastoge\/index.php?rest_route=\/wp\/v2\/pages\/87\/revisions"}],"predecessor-version":[{"id":2612,"href":"https:\/\/www.slic.org.au\/Pastoge\/index.php?rest_route=\/wp\/v2\/pages\/87\/revisions\/2612"}],"wp:attachment":[{"href":"https:\/\/www.slic.org.au\/Pastoge\/index.php?rest_route=%2Fwp%2Fv2%2Fmedia&parent=87"}],"curies":[{"name":"wp","href":"https:\/\/api.w.org\/{rel}","templated":true}]}}