{"id":73,"date":"2018-08-03T00:11:49","date_gmt":"2018-08-03T00:11:49","guid":{"rendered":"http:\/\/mpastoge.freesite.host\/?page_id=73"},"modified":"2023-12-20T08:45:48","modified_gmt":"2023-12-19T21:45:48","slug":"kainos","status":"publish","type":"page","link":"https:\/\/www.slic.org.au\/Pastoge\/?page_id=73","title":{"rendered":"Kainos"},"content":{"rendered":"<table width=\"100%\">\n<tbody>\n<tr style=\"padding: 1px 24px;\">\n<td style=\"background: #019A01;\" colspan=\"2\" align=\"CENTER\"><span style=\"color: white;\">PRENUMERATA METAMS:<\/span><\/td>\n<\/tr>\n<tr style=\"padding: 1px 24px;\">\n<td align=\"LEFT\">Australijoj:<\/td>\n<td align=\"RIGHT\">$160<\/td>\n<\/tr>\n<tr style=\"padding: 1px 24px;\">\n<td align=\"LEFT\">Skaitmenin\u0117 (Digital):<\/td>\n<td align=\"RIGHT\">$120<\/td>\n<\/tr>\n<tr style=\"padding: 1px 24px;\">\n<td align=\"LEFT\">U\u017esienyje oro pa\u0161tu:<\/td>\n<td align=\"RIGHT\">$325<\/td>\n<\/tr>\n<tr style=\"padding: 1px 24px;\">\n<td style=\"background: #019A01;\" colspan=\"2\" align=\"CENTER\"><span style=\"color: white;\">SKELBIMAI (su GST):<\/span><\/td>\n<\/tr>\n<tr style=\"padding: 1px 24px;\">\n<td align=\"LEFT\">Komerciniai &#8211; U\u017e 1cm per dvi skiltis:<\/td>\n<td align=\"RIGHT\">$8.80<\/td>\n<\/tr>\n<tr style=\"padding: 1px 24px;\">\n<td align=\"LEFT\">\u0160ventiniai sveikinimai:<\/td>\n<td align=\"RIGHT\">$20<\/td>\n<\/tr>\n<tr style=\"padding: 1px 24px;\">\n<td align=\"LEFT\">U\u017euojautos ir ma\u017ei vienkartiniai:<\/td>\n<td align=\"RIGHT\">$30<\/td>\n<\/tr>\n<tr style=\"padding: 1px 24px;\">\n<td align=\"LEFT\">Lietuvi\u0161koms Organizacijoms Nuolaida:<\/td>\n<td align=\"RIGHT\">25%<\/td>\n<\/tr>\n<tr style=\"padding: 1px 24px;\">\n<td align=\"LEFT\">Kartojant Nuolaida:<\/td>\n<td align=\"RIGHT\">50%<\/td>\n<\/tr>\n<tr style=\"padding: 1px 24px;\">\n<td style=\"background: #019A01;\" colspan=\"2\" align=\"CENTER\"><span style=\"color: white;\">PASTABOS:<\/span><\/td>\n<\/tr>\n<tr style=\"padding: 1px 24px;\">\n<td colspan=\"2\">\n<ul style=\"text-align: left;\">\n<li>U\u017e skelbim\u0173 turin\u012f readakcija neatsako.<\/li>\n<li>Redakcija ra\u0161inius taiso ir skelbia savo nuo\u017ei\u016bra.<\/li>\n<li>Rankra\u0161\u010diai negr\u0105\u017einami ir nesaugomi.<\/li>\n<li>Spausdinamuose ra\u0161iniuose rei\u0161kiama nuomon\u0117 neb\u016btinai sutampa su redakicijos ir leid\u0117j\u0173 nuomone<\/li>\n<\/ul>\n<\/td>\n<\/tr>\n<\/tbody>\n<\/table>\n","protected":false},"excerpt":{"rendered":"<p>PRENUMERATA METAMS: Australijoj: $160 Skaitmenin\u0117 (Digital): $120 U\u017esienyje oro pa\u0161tu: $325 SKELBIMAI (su GST): Komerciniai &#8211; U\u017e 1cm per dvi skiltis: $8.80 \u0160ventiniai sveikinimai: $20 U\u017euojautos ir ma\u017ei vienkartiniai: $30 Lietuvi\u0161koms Organizacijoms Nuolaida: 25% Kartojant Nuolaida: 50% PASTABOS: U\u017e skelbim\u0173 &hellip; <a href=\"https:\/\/www.slic.org.au\/Pastoge\/?page_id=73\">Continue reading <span class=\"meta-nav\">&rarr;<\/span><\/a><\/p>\n","protected":false},"author":3,"featured_media":0,"parent":0,"menu_order":0,"comment_status":"closed","ping_status":"closed","template":"","meta":{"footnotes":""},"_links":{"self":[{"href":"https:\/\/www.slic.org.au\/Pastoge\/index.php?rest_route=\/wp\/v2\/pages\/73"}],"collection":[{"href":"https:\/\/www.slic.org.au\/Pastoge\/index.php?rest_route=\/wp\/v2\/pages"}],"about":[{"href":"https:\/\/www.slic.org.au\/Pastoge\/index.php?rest_route=\/wp\/v2\/types\/page"}],"author":[{"embeddable":true,"href":"https:\/\/www.slic.org.au\/Pastoge\/index.php?rest_route=\/wp\/v2\/users\/3"}],"replies":[{"embeddable":true,"href":"https:\/\/www.slic.org.au\/Pastoge\/index.php?rest_route=%2Fwp%2Fv2%2Fcomments&post=73"}],"version-history":[{"count":5,"href":"https:\/\/www.slic.org.au\/Pastoge\/index.php?rest_route=\/wp\/v2\/pages\/73\/revisions"}],"predecessor-version":[{"id":2571,"href":"https:\/\/www.slic.org.au\/Pastoge\/index.php?rest_route=\/wp\/v2\/pages\/73\/revisions\/2571"}],"wp:attachment":[{"href":"https:\/\/www.slic.org.au\/Pastoge\/index.php?rest_route=%2Fwp%2Fv2%2Fmedia&parent=73"}],"curies":[{"name":"wp","href":"https:\/\/api.w.org\/{rel}","templated":true}]}}