{"id":21,"date":"2018-08-02T22:18:36","date_gmt":"2018-08-02T22:18:36","guid":{"rendered":"http:\/\/mpastoge.freesite.host\/?page_id=21"},"modified":"2022-04-14T07:58:55","modified_gmt":"2022-04-13T21:58:55","slug":"home","status":"publish","type":"page","link":"https:\/\/www.slic.org.au\/Pastoge\/","title":{"rendered":"M\u016bs\u0173 Pastog\u0117"},"content":{"rendered":"<table style=\"border:none\">\n<tbody>\n<tr>\n<td valign=\"top\"><span style=\"color: black; font-family: Arial Baltic;\"><strong>Leidejas: <\/strong>Lietuvi\u0173 Bendruomen\u0117s Spaudos S\u0105junga<\/span><\/p>\n<p><span style=\"color: black; font-family: Arial Baltic;\"><strong>Redaktor\u0117: <\/strong>Dalia Donielien\u0117.<\/span><\/td>\n<\/tr>\n<\/tbody>\n<\/table>\n<table style=\"border: 2px solid black; background-color: #009b00; height: 110px;\" width=\"200\">\n<tbody>\n<tr>\n<td align=\"LEFT\"><span style=\"color: white; font-family: Arial Baltic;\"><strong>Leid\u0117jo, administracijos ir redakcijos adresas:<\/strong><br \/>\n49-51 Stanley Street, Bankstown, NSW<br \/>\narba PO BOX 550, Bankstown NSW 1885<br \/>\nTel: 0409 055 887<\/span><\/td>\n<\/tr>\n<\/tbody>\n<\/table>\n","protected":false},"excerpt":{"rendered":"<p>Leidejas: Lietuvi\u0173 Bendruomen\u0117s Spaudos S\u0105junga Redaktor\u0117: Dalia Donielien\u0117. Leid\u0117jo, administracijos ir redakcijos adresas: 49-51 Stanley Street, Bankstown, NSW arba PO BOX 550, Bankstown NSW 1885 Tel: 0409 055 887<\/p>\n","protected":false},"author":3,"featured_media":0,"parent":0,"menu_order":0,"comment_status":"closed","ping_status":"closed","template":"","meta":{"footnotes":""},"_links":{"self":[{"href":"https:\/\/www.slic.org.au\/Pastoge\/index.php?rest_route=\/wp\/v2\/pages\/21"}],"collection":[{"href":"https:\/\/www.slic.org.au\/Pastoge\/index.php?rest_route=\/wp\/v2\/pages"}],"about":[{"href":"https:\/\/www.slic.org.au\/Pastoge\/index.php?rest_route=\/wp\/v2\/types\/page"}],"author":[{"embeddable":true,"href":"https:\/\/www.slic.org.au\/Pastoge\/index.php?rest_route=\/wp\/v2\/users\/3"}],"replies":[{"embeddable":true,"href":"https:\/\/www.slic.org.au\/Pastoge\/index.php?rest_route=%2Fwp%2Fv2%2Fcomments&post=21"}],"version-history":[{"count":26,"href":"https:\/\/www.slic.org.au\/Pastoge\/index.php?rest_route=\/wp\/v2\/pages\/21\/revisions"}],"predecessor-version":[{"id":1843,"href":"https:\/\/www.slic.org.au\/Pastoge\/index.php?rest_route=\/wp\/v2\/pages\/21\/revisions\/1843"}],"wp:attachment":[{"href":"https:\/\/www.slic.org.au\/Pastoge\/index.php?rest_route=%2Fwp%2Fv2%2Fmedia&parent=21"}],"curies":[{"name":"wp","href":"https:\/\/api.w.org\/{rel}","templated":true}]}}